{"id":2093,"date":"2023-03-08T12:15:38","date_gmt":"2023-03-08T12:15:38","guid":{"rendered":"https:\/\/www.josecarlosgomez.es\/?page_id=2093"},"modified":"2023-04-13T16:37:46","modified_gmt":"2023-04-13T16:37:46","slug":"privacy-policy","status":"publish","type":"page","link":"https:\/\/www.josecarlosgomez.es\/en\/privacy-policy\/","title":{"rendered":"Privacy Policy"},"content":{"rendered":"\t\t<div data-elementor-type=\"wp-page\" data-elementor-id=\"2093\" class=\"elementor elementor-2093 elementor-1657\">\n\t\t\t\t\t\t\t\t\t<section class=\"elementor-section elementor-top-section elementor-element elementor-element-b77c590 elementor-section-boxed elementor-section-height-default elementor-section-height-default\" data-id=\"b77c590\" data-element_type=\"section\">\n\t\t\t\t\t\t<div class=\"elementor-container elementor-column-gap-default\">\n\t\t\t\t\t<div class=\"aux-parallax-section elementor-column elementor-col-100 elementor-top-column elementor-element elementor-element-453ad17\" data-id=\"453ad17\" data-element_type=\"column\">\n\t\t\t<div class=\"elementor-widget-wrap elementor-element-populated\">\n\t\t\t\t\t\t\t\t<div class=\"elementor-element elementor-element-eeee69b elementor-widget elementor-widget-heading\" data-id=\"eeee69b\" data-element_type=\"widget\" data-widget_type=\"heading.default\">\n\t\t\t\t<div class=\"elementor-widget-container\">\n\t\t\t<style>\/*! elementor - v3.12.2 - 23-04-2023 *\/\n.elementor-heading-title{padding:0;margin:0;line-height:1}.elementor-widget-heading .elementor-heading-title[class*=elementor-size-]>a{color:inherit;font-size:inherit;line-height:inherit}.elementor-widget-heading .elementor-heading-title.elementor-size-small{font-size:15px}.elementor-widget-heading .elementor-heading-title.elementor-size-medium{font-size:19px}.elementor-widget-heading .elementor-heading-title.elementor-size-large{font-size:29px}.elementor-widget-heading .elementor-heading-title.elementor-size-xl{font-size:39px}.elementor-widget-heading .elementor-heading-title.elementor-size-xxl{font-size:59px}<\/style><h2 class=\"elementor-heading-title elementor-size-default\">POL\u00cdTICA DE PROTECCI\u00d3N DE DATOS EN LA WEB\n<\/h2>\t\t<\/div>\n\t\t\t\t<\/div>\n\t\t\t\t<div class=\"elementor-element elementor-element-5f5391d elementor-widget elementor-widget-text-editor\" data-id=\"5f5391d\" data-element_type=\"widget\" data-widget_type=\"text-editor.default\">\n\t\t\t\t<div class=\"elementor-widget-container\">\n\t\t\t<style>\/*! elementor - v3.12.2 - 23-04-2023 *\/\n.elementor-widget-text-editor.elementor-drop-cap-view-stacked .elementor-drop-cap{background-color:#69727d;color:#fff}.elementor-widget-text-editor.elementor-drop-cap-view-framed .elementor-drop-cap{color:#69727d;border:3px solid;background-color:transparent}.elementor-widget-text-editor:not(.elementor-drop-cap-view-default) .elementor-drop-cap{margin-top:8px}.elementor-widget-text-editor:not(.elementor-drop-cap-view-default) .elementor-drop-cap-letter{width:1em;height:1em}.elementor-widget-text-editor .elementor-drop-cap{float:left;text-align:center;line-height:1;font-size:50px}.elementor-widget-text-editor .elementor-drop-cap-letter{display:inline-block}<\/style>\t\t\t\t<p>En esta Web, propiedad del grupo de empresas<br \/>Jose Carlos Gomez aseguramos la total protecci\u00f3n de los datos de car\u00e1cter personal proporcionados por nuestros usuarios.<\/p><p>De conformidad con lo dispuesto en el Reglamento 2016\/679 del Parlamento Europeo y del Consejo de 27 de abril de 2016, de Protecci\u00f3n de Datos de Car\u00e1cter Personal y LOPD, le informamos que los datos personales facilitados a trav\u00e9s de los formularios de esta Web o mediante mensajes de correo electr\u00f3nico, podr\u00e1n ser incorporados en nuestros ficheros, en concreto los denominados \u201cClientes y\/o Proveedores\u201d y \u201cNominas \u2013 Recursos Humanos\u201d y ser\u00e1n tratados de manera automatizada. Mediante el env\u00edo de los formularios existentes en esta Web, el remitente da su consentimiento para ser incluido en los mencionados ficheros. As\u00ed mismo, le comunicamos que desde esta Web se podr\u00e1n recoger direcciones IP de los usuarios, las cuales ser\u00e1n igualmente tratadas de acuerdo a la normativa vigente.<br \/>Las finalidades de estos ficheros son Gesti\u00f3n de Clientes, Contable, Fiscal y Administrativa y Gesti\u00f3n del departamento de Recursos Humanos. Todos los ficheros han sido debidamente registrados en la Agencia Espa\u00f1ola de Protecci\u00f3n de Datos. Sus datos podr\u00e1n ser cedidos, siempre protegiendo los datos adecuadamente, a:<br \/>Organizaciones o Personas Directamente Relacionadas con el Responsable, Administraci\u00f3n Tributaria y Bancos, Cajas de Ahorros y Cajas Rurales. Los datos proporcionados se conservaran mientras se mantenga la relaci\u00f3n comercial o durante los a\u00f1os necesarios para cumplir con las obligaciones legales.<br \/>Jose Carlos Gomez respetar\u00e1n en todo momento la confidencialidad de sus datos, seg\u00fan conformidad con el Reglamento 2016\/679 del Parlamento Europeo y del Consejo de 27 de abril de 2016, de Protecci\u00f3n de Datos de Car\u00e1cter Personal y LOPD.<br \/>En cualquier momento puede usted ejecutar sus derechos de oposici\u00f3n, acceso, rectificaci\u00f3n, cancelaci\u00f3n y oposici\u00f3n de su autorizaci\u00f3n sin efectos retroactivos en los t\u00e9rminos especificados en el Reglamento 2016\/679 del Parlamento Europeo y del Consejo de 27 de abril de 2016, de Protecci\u00f3n de Datos de Car\u00e1cter Personal y LOPD, conforme al procedimiento legalmente establecido. Estos derechos podr\u00e1n ser ejercidos dirigi\u00e9ndose por correo electr\u00f3nico a contacto@josecarlosgomez.es .<\/p><p>AVISO DE PROTECCI\u00d3N DE DATOS DE LA WEB PARA FORMULARIO<\/p><p>\u201cDe acuerdo con lo establecido por el Reglamento 2016\/679 del Parlamento Europeo y del Consejo de 27 de abril de 2016, de Protecci\u00f3n de Datos de Car\u00e1cter, doy mi consentimiento\/consiento para que los datos de car\u00e1cter personal proporcionados en esta web sean incluidos en el fichero \u201cClientes y\/o Proveedores\u201d del que es titular<br \/>Jose Carlos Gomez, que puedan ser utilizados con las finalidades de Gesti\u00f3n de Clientes, Contable, Fiscal y Administrativa y podr\u00e1n ser cedidos a Organizaciones o Personas Directamente Relacionadas con el Responsable, Administraci\u00f3n Tributaria y Bancos, Cajas de Ahorros y Cajas Rurales. Los datos proporcionados se conservaran mientras se mantenga la relaci\u00f3n comercial o durante los a\u00f1os necesarios para cumplir con las obligaciones legales. Declaro as\u00ed mismo estar informado sobre los derechos de acceso, rectificaci\u00f3n, cancelaci\u00f3n y oposici\u00f3n que podr\u00e9 ejercitar en el domicilio social de<br \/>Jose Carlos Gomez en Paseo Del Mar 14 C12. 11310 Sotogrande.\u201d<br \/>Para continuar, el usuario deber\u00e1 marcar una casilla indicando que ha le\u00eddo y aceptado las condiciones de protecci\u00f3n de datos de la empresa. Una vez marcada, podr\u00e1 procederse al env\u00edo de los datos a la empresa.<\/p><h2>POL\u00cdTICA DE COOKIES<\/h2><p>El sitio Web del prestador puede utilizar cookies (peque\u00f1os archivos de informaci\u00f3n que el servidor env\u00eda al ordenador de quien accede a la p\u00e1gina con la finalidad de registrar las actividades del usuario durante su tiempo de navegaci\u00f3n) para llevar a cabo determinadas funciones que son consideradas imprescindibles para el correcto funcionamiento y visualizaci\u00f3n del sitio.<\/p><p>FIRMA DE CORREO<\/p><p>Este mensaje de correo electr\u00f3nico y sus documentos adjuntos est\u00e1n dirigidos exclusivamente a los destinatarios especificados. Si usted recibe este mensaje por error, por favor comun\u00edqueselo inmediatamente al remitente y elim\u00ednelo ya que usted no est\u00e1 autorizado al uso, revelaci\u00f3n, distribuci\u00f3n, impresi\u00f3n o copia de toda o alguna parte de la informaci\u00f3n contenida. Gracias. De conformidad con el Reglamento 2016\/679 del Parlamento Europeo y del Consejo de 27 de abril de 2016, de Protecci\u00f3n de Datos de Car\u00e1cter Personal y LOPD, le recordamos que sus datos han sido incorporados en el fichero \u201cClientes Y\/o Proveedores\u201d de datos de car\u00e1cter personal del que es titular Jose Carlos Gomez, y cuyas finalidades son: Gesti\u00f3n de Clientes, Contable, Fiscal y Administrativa y podr\u00e1n ser cedidos a Organizaciones o Personas Directamente Relacionadas con el Responsable, Administraci\u00f3n Tributaria y Bancos, Cajas de Ahorros y Cajas Rurales. Los datos proporcionados se conservaran mientras se mantenga la relaci\u00f3n comercial o durante los a\u00f1os necesarios para cumplir con las obligaciones legales. Puede ejercitar sus derechos de acceso, rectificaci\u00f3n, cancelaci\u00f3n y oposici\u00f3n en Jose Carlos Gomez o enviando un correo electr\u00f3nico a contacto@josecarlosgomez.es<\/p>\t\t\t\t\t\t<\/div>\n\t\t\t\t<\/div>\n\t\t\t\t\t<\/div>\n\t\t<\/div>\n\t\t\t\t\t\t\t<\/div>\n\t\t<\/section>\n\t\t\t\t\t\t\t<\/div>\n\t\t","protected":false},"excerpt":{"rendered":"<p>POL\u00cdTICA DE PROTECCI\u00d3N DE DATOS EN LA WEB En esta Web, propiedad del grupo de empresas Jose Carlos Gomez aseguramos la total protecci\u00f3n de los datos de car\u00e1cter personal proporcionados por nuestros usuarios. De conformidad con lo dispuesto en el Reglamento 2016\/679 del Parlamento Europeo y del Consejo de 27 de abril de 2016, de [&hellip;]<\/p>\n","protected":false},"author":1,"featured_media":0,"parent":0,"menu_order":0,"comment_status":"closed","ping_status":"closed","template":"elementor_header_footer","meta":{"footnotes":""},"yoast_head":"<!-- This site is optimized with the Yoast SEO plugin v22.2 - https:\/\/yoast.com\/wordpress\/plugins\/seo\/ -->\n<title>Privacy Policy | Jose Carlos Gomez<\/title>\n<meta name=\"robots\" content=\"index, follow, max-snippet:-1, max-image-preview:large, max-video-preview:-1\" \/>\n<link rel=\"canonical\" href=\"https:\/\/www.josecarlosgomez.es\/en\/privacy-policy\/\" \/>\n<meta property=\"og:locale\" content=\"en_US\" \/>\n<meta property=\"og:type\" content=\"article\" \/>\n<meta property=\"og:title\" content=\"Privacy Policy | Jose Carlos Gomez\" \/>\n<meta property=\"og:description\" content=\"POL\u00cdTICA DE PROTECCI\u00d3N DE DATOS EN LA WEB En esta Web, propiedad del grupo de empresas Jose Carlos Gomez aseguramos la total protecci\u00f3n de los datos de car\u00e1cter personal proporcionados por nuestros usuarios. De conformidad con lo dispuesto en el Reglamento 2016\/679 del Parlamento Europeo y del Consejo de 27 de abril de 2016, de [&hellip;]\" \/>\n<meta property=\"og:url\" content=\"https:\/\/www.josecarlosgomez.es\/en\/privacy-policy\/\" \/>\n<meta property=\"og:site_name\" content=\"Jose Carlos Gomez\" \/>\n<meta property=\"article:modified_time\" content=\"2023-04-13T16:37:46+00:00\" \/>\n<meta name=\"twitter:card\" content=\"summary_large_image\" \/>\n<meta name=\"twitter:label1\" content=\"Est. reading time\" \/>\n\t<meta name=\"twitter:data1\" content=\"4 minutes\" \/>\n<script type=\"application\/ld+json\" class=\"yoast-schema-graph\">{\"@context\":\"https:\/\/schema.org\",\"@graph\":[{\"@type\":\"WebPage\",\"@id\":\"https:\/\/www.josecarlosgomez.es\/en\/privacy-policy\/\",\"url\":\"https:\/\/www.josecarlosgomez.es\/en\/privacy-policy\/\",\"name\":\"Privacy Policy | Jose Carlos Gomez\",\"isPartOf\":{\"@id\":\"https:\/\/www.josecarlosgomez.es\/#website\"},\"datePublished\":\"2023-03-08T12:15:38+00:00\",\"dateModified\":\"2023-04-13T16:37:46+00:00\",\"breadcrumb\":{\"@id\":\"https:\/\/www.josecarlosgomez.es\/en\/privacy-policy\/#breadcrumb\"},\"inLanguage\":\"en-US\",\"potentialAction\":[{\"@type\":\"ReadAction\",\"target\":[\"https:\/\/www.josecarlosgomez.es\/en\/privacy-policy\/\"]}]},{\"@type\":\"BreadcrumbList\",\"@id\":\"https:\/\/www.josecarlosgomez.es\/en\/privacy-policy\/#breadcrumb\",\"itemListElement\":[{\"@type\":\"ListItem\",\"position\":1,\"name\":\"Portada\",\"item\":\"https:\/\/www.josecarlosgomez.es\/en\/inicio-disco\/\"},{\"@type\":\"ListItem\",\"position\":2,\"name\":\"Privacy Policy\"}]},{\"@type\":\"WebSite\",\"@id\":\"https:\/\/www.josecarlosgomez.es\/#website\",\"url\":\"https:\/\/www.josecarlosgomez.es\/\",\"name\":\"Jose Carlos Gomez\",\"description\":\"\",\"potentialAction\":[{\"@type\":\"SearchAction\",\"target\":{\"@type\":\"EntryPoint\",\"urlTemplate\":\"https:\/\/www.josecarlosgomez.es\/?s={search_term_string}\"},\"query-input\":\"required name=search_term_string\"}],\"inLanguage\":\"en-US\"}]}<\/script>\n<!-- \/ Yoast SEO plugin. -->","yoast_head_json":{"title":"Privacy Policy | Jose Carlos Gomez","robots":{"index":"index","follow":"follow","max-snippet":"max-snippet:-1","max-image-preview":"max-image-preview:large","max-video-preview":"max-video-preview:-1"},"canonical":"https:\/\/www.josecarlosgomez.es\/en\/privacy-policy\/","og_locale":"en_US","og_type":"article","og_title":"Privacy Policy | Jose Carlos Gomez","og_description":"POL\u00cdTICA DE PROTECCI\u00d3N DE DATOS EN LA WEB En esta Web, propiedad del grupo de empresas Jose Carlos Gomez aseguramos la total protecci\u00f3n de los datos de car\u00e1cter personal proporcionados por nuestros usuarios. De conformidad con lo dispuesto en el Reglamento 2016\/679 del Parlamento Europeo y del Consejo de 27 de abril de 2016, de [&hellip;]","og_url":"https:\/\/www.josecarlosgomez.es\/en\/privacy-policy\/","og_site_name":"Jose Carlos Gomez","article_modified_time":"2023-04-13T16:37:46+00:00","twitter_card":"summary_large_image","twitter_misc":{"Est. reading time":"4 minutes"},"schema":{"@context":"https:\/\/schema.org","@graph":[{"@type":"WebPage","@id":"https:\/\/www.josecarlosgomez.es\/en\/privacy-policy\/","url":"https:\/\/www.josecarlosgomez.es\/en\/privacy-policy\/","name":"Privacy Policy | Jose Carlos Gomez","isPartOf":{"@id":"https:\/\/www.josecarlosgomez.es\/#website"},"datePublished":"2023-03-08T12:15:38+00:00","dateModified":"2023-04-13T16:37:46+00:00","breadcrumb":{"@id":"https:\/\/www.josecarlosgomez.es\/en\/privacy-policy\/#breadcrumb"},"inLanguage":"en-US","potentialAction":[{"@type":"ReadAction","target":["https:\/\/www.josecarlosgomez.es\/en\/privacy-policy\/"]}]},{"@type":"BreadcrumbList","@id":"https:\/\/www.josecarlosgomez.es\/en\/privacy-policy\/#breadcrumb","itemListElement":[{"@type":"ListItem","position":1,"name":"Portada","item":"https:\/\/www.josecarlosgomez.es\/en\/inicio-disco\/"},{"@type":"ListItem","position":2,"name":"Privacy Policy"}]},{"@type":"WebSite","@id":"https:\/\/www.josecarlosgomez.es\/#website","url":"https:\/\/www.josecarlosgomez.es\/","name":"Jose Carlos Gomez","description":"","potentialAction":[{"@type":"SearchAction","target":{"@type":"EntryPoint","urlTemplate":"https:\/\/www.josecarlosgomez.es\/?s={search_term_string}"},"query-input":"required name=search_term_string"}],"inLanguage":"en-US"}]}},"_links":{"self":[{"href":"https:\/\/www.josecarlosgomez.es\/en\/wp-json\/wp\/v2\/pages\/2093"}],"collection":[{"href":"https:\/\/www.josecarlosgomez.es\/en\/wp-json\/wp\/v2\/pages"}],"about":[{"href":"https:\/\/www.josecarlosgomez.es\/en\/wp-json\/wp\/v2\/types\/page"}],"author":[{"embeddable":true,"href":"https:\/\/www.josecarlosgomez.es\/en\/wp-json\/wp\/v2\/users\/1"}],"replies":[{"embeddable":true,"href":"https:\/\/www.josecarlosgomez.es\/en\/wp-json\/wp\/v2\/comments?post=2093"}],"version-history":[{"count":3,"href":"https:\/\/www.josecarlosgomez.es\/en\/wp-json\/wp\/v2\/pages\/2093\/revisions"}],"predecessor-version":[{"id":2097,"href":"https:\/\/www.josecarlosgomez.es\/en\/wp-json\/wp\/v2\/pages\/2093\/revisions\/2097"}],"wp:attachment":[{"href":"https:\/\/www.josecarlosgomez.es\/en\/wp-json\/wp\/v2\/media?parent=2093"}],"curies":[{"name":"wp","href":"https:\/\/api.w.org\/{rel}","templated":true}]}}